{"id":468,"date":"2018-08-03T09:12:11","date_gmt":"2018-08-03T08:12:11","guid":{"rendered":"https:\/\/www.azurpaysage.fr\/?page_id=468"},"modified":"2026-01-23T17:19:53","modified_gmt":"2026-01-23T16:19:53","slug":"mentions-legales-confidentialite-cookies","status":"publish","type":"page","link":"https:\/\/www.azurpaysage.fr\/?page_id=468","title":{"rendered":"Mentions l\u00e9gales, confidentialit\u00e9, cookies"},"content":{"rendered":"<section class=\"l-section wpb_row height_medium\"><div class=\"l-section-h i-cf\"><div class=\"g-cols vc_row via_flex valign_top type_default stacking_default\"><div class=\"vc_col-sm-12 wpb_column vc_column_container\"><div class=\"vc_column-inner\"><div class=\"wpb_wrapper\"><div class=\"wpb_text_column\"><div class=\"wpb_wrapper\"><p><strong>D\u00e9finitions<\/strong><\/p>\n<p><strong>Client\u00a0:<\/strong>\u00a0tout professionnel ou personne physique capable au sens des articles 1123 et suivants du Code civil, ou personne morale, qui visite le Site objet des pr\u00e9sentes conditions g\u00e9n\u00e9rales.<\/p>\n<p><strong>Contenu\u00a0:<\/strong>\u00a0Ensemble des \u00e9l\u00e9ments constituants l\u2019information pr\u00e9sente sur le Site, notamment textes \u2013 images \u2013 vid\u00e9os.<\/p>\n<p><strong>Informations clients\u00a0:<\/strong> Ci apr\u00e8s d\u00e9nomm\u00e9 \u00ab\u00a0Information (s)\u00a0\u00bb qui correspondent \u00e0 l\u2019ensemble des donn\u00e9es personnelles susceptibles d\u2019\u00eatre d\u00e9tenues par\u00a0<strong>Azur Paysage <\/strong>pour la gestion de votre compte, de la gestion de la relation client et \u00e0 des fins d\u2019analyses et de statistiques.<\/p>\n<p><strong>Utilisateur :<\/strong> Internaute se connectant, utilisant le site susnomm\u00e9.<\/p>\n<p><strong>Informations personnelles :<\/strong> \u00ab Les informations qui permettent, sous quelque forme que ce soit, directement ou non, l&rsquo;identification des personnes physiques auxquelles elles s&rsquo;appliquent \u00bb (article 4 de la loi n\u00b0 78-17 du 6 janvier 1978).<\/p>\n<p>Les termes \u00ab\u00a0donn\u00e9es \u00e0 caract\u00e8re personnel\u00a0\u00bb, \u00ab\u00a0personne concern\u00e9e\u00a0\u00bb, \u00ab\u00a0sous traitant\u00a0\u00bb et \u00ab\u00a0donn\u00e9es sensibles\u00a0\u00bb ont le sens d\u00e9fini par le R\u00e8glement G\u00e9n\u00e9ral sur la Protection des Donn\u00e9es (RGPD\u00a0: n\u00b0 2016-679)<\/p>\n<ol>\n<li>\n<h4>Pr\u00e9sentation du site internet.<\/h4>\n<\/li>\n<\/ol>\n<p>En vertu de l&rsquo;article 6 de la loi n\u00b0 2004-575 du 21 juin 2004 pour la confiance dans l&rsquo;\u00e9conomie num\u00e9rique, il est pr\u00e9cis\u00e9 aux utilisateurs du site internet\u00a0<u>azurpaysage.fr <\/u>l&rsquo;identit\u00e9 des diff\u00e9rents intervenants dans le cadre de sa r\u00e9alisation et de son suivi:<\/p>\n<p><strong>Propri\u00e9taire<\/strong> : DEZARNAUD Gaetan \u2013 <span>1248 Chemin Saint Bernard<\/span>, 06220 Vallauris<br \/>\n<strong>Responsable publication<\/strong> : DEZARNAUD Gaetan \u2013 azurpaysage@orange.fr<br \/>\nLe responsable publication est une personne physique ou une personne morale.<br \/>\n<strong>H\u00e9bergeur<\/strong> : OVH<br \/>\nwww.ovh.com RCS Lille M\u00e9tropole 424 761 419 00045<br \/>\nCode APE 2620Z<br \/>\nN\u00b0 TVA : FR 22 424 761 419<br \/>\nSi\u00e8ge social : 2 rue Kellermann \u2013 59100 Roubaix \u2013 France<br \/>\nT\u00e9l : +33 1007<br \/>\n<strong>D\u00e9l\u00e9gu\u00e9 \u00e0 la protection des donn\u00e9es<\/strong> : DEZARNAUD Gaetan \u2013 azurpaysage@orange.fr<\/p>\n<ol start=\"2\">\n<li>\n<h4>Conditions g\u00e9n\u00e9rales d\u2019utilisation du site et des services propos\u00e9s.<\/h4>\n<\/li>\n<\/ol>\n<p>Le Site constitue une \u0153uvre de l\u2019esprit prot\u00e9g\u00e9e par les dispositions du Code de la Propri\u00e9t\u00e9 Intellectuelle et des R\u00e9glementations Internationales applicables.<br \/>\nLe Client ne peut en aucune mani\u00e8re r\u00e9utiliser, c\u00e9der ou exploiter pour son propre compte tout ou partie des \u00e9l\u00e9ments ou travaux du Site.<\/p>\n<p>L\u2019utilisation du site\u00a0<u>azur-paysage.fr <\/u>implique l\u2019acceptation pleine et enti\u00e8re des conditions g\u00e9n\u00e9rales d\u2019utilisation ci-apr\u00e8s d\u00e9crites. Ces conditions d\u2019utilisation sont susceptibles d\u2019\u00eatre modifi\u00e9es ou compl\u00e9t\u00e9es \u00e0 tout moment, les utilisateurs du site\u00a0<u>azur-paysage.fr <\/u>sont donc invit\u00e9s \u00e0 les consulter de mani\u00e8re r\u00e9guli\u00e8re.<\/p>\n<p>Ce site internet est normalement accessible \u00e0 tout moment aux utilisateurs. Une interruption pour raison de maintenance technique peut \u00eatre toutefois d\u00e9cid\u00e9e par\u00a0<strong>Azur Paysage<\/strong>, qui s\u2019efforcera alors de communiquer pr\u00e9alablement aux utilisateurs les dates et heures de l\u2019intervention.<br \/>\nLe site web\u00a0<u>azur-paysage.fr <\/u>est mis \u00e0 jour r\u00e9guli\u00e8rement par\u00a0<strong>Azur Paysage <\/strong>responsable. De la m\u00eame fa\u00e7on, les mentions l\u00e9gales peuvent \u00eatre modifi\u00e9es \u00e0 tout moment : elles s\u2019imposent n\u00e9anmoins \u00e0 l\u2019utilisateur qui est invit\u00e9 \u00e0 s\u2019y r\u00e9f\u00e9rer le plus souvent possible afin d\u2019en prendre connaissance.<\/p>\n<ol start=\"3\">\n<li>\n<h4>Description des services fournis.<\/h4>\n<\/li>\n<\/ol>\n<p>Le site internet\u00a0<u>azur-paysage.fr <\/u>a pour objet de fournir une information concernant l\u2019ensemble des activit\u00e9s de la soci\u00e9t\u00e9.<br \/>\n<strong>Azur Paysage <\/strong>s\u2019efforce de fournir sur le site\u00a0<u>azur-paysage.fr <\/u>des informations aussi pr\u00e9cises que possible. Toutefois, il ne pourra \u00eatre tenu responsable des oublis, des inexactitudes et des carences dans la mise \u00e0 jour, qu\u2019elles soient de son fait ou du fait des tiers partenaires qui lui fournissent ces informations.<\/p>\n<p>Toutes les informations indiqu\u00e9es sur le site\u00a0<u>azur-paysage.fr <\/u>sont donn\u00e9es \u00e0 titre indicatif, et sont susceptibles d\u2019\u00e9voluer. Par ailleurs, les renseignements figurant sur le site\u00a0<u>azur-paysage.fr <\/u>ne sont pas exhaustifs. Ils sont donn\u00e9s sous r\u00e9serve de modifications ayant \u00e9t\u00e9 apport\u00e9es depuis leur mise en ligne.<\/p>\n<ol start=\"4\">\n<li>\n<h4>Limitations contractuelles sur les donn\u00e9es techniques.<\/h4>\n<\/li>\n<\/ol>\n<p>Le site utilise la technologie JavaScript.<\/p>\n<p>Le site Internet ne pourra \u00eatre tenu responsable de dommages mat\u00e9riels li\u00e9s \u00e0 l\u2019utilisation du site. De plus, l\u2019utilisateur du site s\u2019engage \u00e0 acc\u00e9der au site en utilisant un mat\u00e9riel r\u00e9cent, ne contenant pas de virus et avec un navigateur de derni\u00e8re g\u00e9n\u00e9ration mis-\u00e0-jour<br \/>\nLe site <u>azur-paysage.fr <\/u>est h\u00e9berg\u00e9 chez un prestataire sur le territoire de l\u2019Union Europ\u00e9enne conform\u00e9ment aux dispositions du R\u00e8glement G\u00e9n\u00e9ral sur la Protection des Donn\u00e9es (RGPD\u00a0: n\u00b0 2016-679)<\/p>\n<p>L\u2019objectif est d\u2019apporter une prestation qui assure le meilleur taux d\u2019accessibilit\u00e9. L\u2019h\u00e9bergeur assure la continuit\u00e9 de son service 24 Heures sur 24, tous les jours de l\u2019ann\u00e9e. Il se r\u00e9serve n\u00e9anmoins la possibilit\u00e9 d\u2019interrompre le service d\u2019h\u00e9bergement pour les dur\u00e9es les plus courtes possibles notamment \u00e0 des fins de maintenance, d\u2019am\u00e9lioration de ses infrastructures, de d\u00e9faillance de ses infrastructures ou si les Prestations et Services g\u00e9n\u00e8rent un trafic r\u00e9put\u00e9 anormal.<\/p>\n<p><strong>Azur Paysage <\/strong>et l\u2019h\u00e9bergeur ne pourront \u00eatre tenus responsables en cas de dysfonctionnement du r\u00e9seau Internet, des lignes t\u00e9l\u00e9phoniques ou du mat\u00e9riel informatique et de t\u00e9l\u00e9phonie li\u00e9 notamment \u00e0 l\u2019encombrement du r\u00e9seau emp\u00eachant l\u2019acc\u00e8s au serveur.<\/p>\n<ol start=\"5\">\n<li>\n<h5>Propri\u00e9t\u00e9 intellectuelle et contrefa\u00e7ons.<\/h5>\n<\/li>\n<\/ol>\n<p><strong>Azur Paysage <\/strong>est propri\u00e9taire des droits de propri\u00e9t\u00e9 intellectuelle et d\u00e9tient les droits d\u2019usage sur tous les \u00e9l\u00e9ments accessibles sur le site internet, notamment les textes, images, graphismes, logos, vid\u00e9os, ic\u00f4nes et sons.<br \/>\nToute reproduction, repr\u00e9sentation, modification, publication, adaptation de tout ou partie des \u00e9l\u00e9ments du site, quel que soit le moyen ou le proc\u00e9d\u00e9 utilis\u00e9, est interdite, sauf autorisation \u00e9crite pr\u00e9alable de Azur Paysage.<\/p>\n<p>Toute exploitation non autoris\u00e9e du site ou de l\u2019un quelconque des \u00e9l\u00e9ments qu\u2019il contient sera consid\u00e9r\u00e9e comme constitutive d\u2019une contrefa\u00e7on et poursuivie conform\u00e9ment aux dispositions des articles L.335-2 et suivants du Code de Propri\u00e9t\u00e9 Intellectuelle.<\/p>\n<ol start=\"6\">\n<li>\n<h4>Limitations de responsabilit\u00e9.<\/h4>\n<\/li>\n<\/ol>\n<p>DEZARNAUD Gaetan agit en tant qu\u2019\u00e9diteur du site, responsable de la qualit\u00e9 et de la v\u00e9racit\u00e9 du Contenu qu\u2019il publie.<\/p>\n<p><strong>Azur Paysage <\/strong>ne pourra \u00eatre tenu responsable des dommages directs et indirects caus\u00e9s au mat\u00e9riel de l\u2019utilisateur, lors de l\u2019acc\u00e8s au site internet <u>azur-paysage.fr<\/u>, et r\u00e9sultant soit de l\u2019utilisation d\u2019un mat\u00e9riel ne r\u00e9pondant pas aux sp\u00e9cifications indiqu\u00e9es au point 4, soit de l\u2019apparition d\u2019un bug ou d\u2019une incompatibilit\u00e9.<\/p>\n<p><strong>Azur Paysage <\/strong>ne pourra \u00e9galement \u00eatre tenu responsable des dommages indirects (tels par exemple qu\u2019une perte de march\u00e9 ou perte d\u2019une chance) cons\u00e9cutifs \u00e0 l\u2019utilisation du site\u00a0<u>azur-paysage.fr<\/u>.<br \/>\nDes espaces interactifs (possibilit\u00e9 de poser des questions dans l\u2019espace contact) sont \u00e0 la disposition des utilisateurs.\u00a0<strong>Azur Paysage <\/strong>se r\u00e9serve le droit de supprimer, sans mise en demeure pr\u00e9alable, tout contenu d\u00e9pos\u00e9 dans cet espace qui contreviendrait \u00e0 la l\u00e9gislation applicable en France, en particulier aux dispositions relatives \u00e0 la protection des donn\u00e9es. Le cas \u00e9ch\u00e9ant,\u00a0<strong>Azur Paysage <\/strong>se r\u00e9serve \u00e9galement la possibilit\u00e9 de mettre en cause la responsabilit\u00e9 civile et\/ou p\u00e9nale de l\u2019utilisateur, notamment en cas de message \u00e0 caract\u00e8re raciste, injurieux, diffamant, ou pornographique, quel que soit le support utilis\u00e9 (texte, photographie \u2026).<\/p>\n<ol start=\"7\">\n<li>\n<h4>Gestion des donn\u00e9es personnelles.<\/h4>\n<\/li>\n<\/ol>\n<p>Le site <u>azur-paysage.fr <\/u>ne proc\u00e8de \u00e0 aucune collecte de donn\u00e9es personnelles<\/p>\n<ol start=\"8\">\n<li>\n<h4>Liens hypertextes \u00ab cookies \u00bb et balises (\u201ctags\u201d) internet<\/h4>\n<\/li>\n<\/ol>\n<p>Le site\u00a0<u>azur-paysage.fr <\/u>contient un certain nombre de liens hypertextes vers d\u2019autres sites, mis en place avec l\u2019autorisation de\u00a0<strong>Azur Paysage<\/strong>. Cependant,\u00a0<strong>Azur Paysage <\/strong>n\u2019a pas la possibilit\u00e9 de v\u00e9rifier le contenu des sites ainsi visit\u00e9s, et n\u2019assumera en cons\u00e9quence aucune responsabilit\u00e9 de ce fait.<\/p>\n<p>Sauf si vous d\u00e9cidez de d\u00e9sactiver les cookies, vous acceptez que le site puisse les utiliser. Vous pouvez \u00e0 tout moment d\u00e9sactiver ces cookies et ce gratuitement \u00e0 partir des possibilit\u00e9s de d\u00e9sactivation qui vous sont offertes et rappel\u00e9es ci-apr\u00e8s, sachant que cela peut r\u00e9duire ou emp\u00eacher l\u2019accessibilit\u00e9 \u00e0 tout ou partie des Services propos\u00e9s par le site.<\/p>\n<ul>\n<li>\u00ab <strong>COOKIES<\/strong> \u00bb<\/li>\n<\/ul>\n<p>Un \u00ab cookie \u00bb est un petit fichier d\u2019information envoy\u00e9 sur le navigateur de l\u2019Utilisateur et enregistr\u00e9 au sein du terminal de l\u2019Utilisateur (ex : ordinateur, smartphone), (ci-apr\u00e8s \u00ab Cookies \u00bb). Ce fichier comprend des informations telles que le nom de domaine de l\u2019Utilisateur, le fournisseur d\u2019acc\u00e8s Internet de l\u2019Utilisateur, le syst\u00e8me d\u2019exploitation de l\u2019Utilisateur, ainsi que la date et l\u2019heure d\u2019acc\u00e8s. Les Cookies ne risquent en aucun cas d\u2019endommager le terminal de l\u2019Utilisateur.<\/p>\n<p><strong>Azur Paysage <\/strong>est susceptible de traiter les informations de l\u2019Utilisateur concernant sa visite du Site, telles que les pages consult\u00e9es, les recherches effectu\u00e9es. Ces informations permettent \u00e0\u00a0<strong>Azur Paysage <\/strong>d\u2019am\u00e9liorer le contenu du Site, de la navigation de l\u2019Utilisateur.<\/p>\n<p>Les Cookies facilitant la navigation et\/ou la fourniture des services propos\u00e9s par le Site, l\u2019Utilisateur peut configurer son navigateur pour qu\u2019il lui permette de d\u00e9cider s\u2019il souhaite ou non les accepter de mani\u00e8re \u00e0 ce que des Cookies soient enregistr\u00e9s dans le terminal ou, au contraire, qu\u2019ils soient rejet\u00e9s, soit syst\u00e9matiquement, soit selon leur \u00e9metteur. L\u2019Utilisateur peut \u00e9galement configurer son logiciel de navigation de mani\u00e8re \u00e0 ce que l\u2019acceptation ou le refus des Cookies lui soient propos\u00e9s ponctuellement, avant qu\u2019un Cookie soit susceptible d\u2019\u00eatre enregistr\u00e9 dans son terminal.\u00a0<strong>Azur Paysage <\/strong>informe l\u2019Utilisateur que, dans ce cas, il se peut que les fonctionnalit\u00e9s de son logiciel de navigation ne soient pas toutes disponibles.<\/p>\n<p>Si l\u2019Utilisateur refuse l\u2019enregistrement de Cookies dans son terminal ou son navigateur, ou si l\u2019Utilisateur supprime ceux qui y sont enregistr\u00e9s, l\u2019Utilisateur est inform\u00e9 que sa navigation et son exp\u00e9rience sur le Site peuvent \u00eatre limit\u00e9es. Cela pourrait \u00e9galement \u00eatre le cas lorsque\u00a0<strong>Azur Paysage <\/strong>ou l\u2019un de ses prestataires ne peut pas reconna\u00eetre, \u00e0 des fins de compatibilit\u00e9 technique, le type de navigateur utilis\u00e9 par le terminal, les param\u00e8tres de langue et d\u2019affichage ou le pays depuis lequel le terminal semble connect\u00e9 \u00e0 Internet.<\/p>\n<p>Le cas \u00e9ch\u00e9ant,\u00a0<strong>Azur Paysage <\/strong>d\u00e9cline toute responsabilit\u00e9 pour les cons\u00e9quences li\u00e9es au fonctionnement d\u00e9grad\u00e9 du Site et des services \u00e9ventuellement propos\u00e9s par\u00a0<strong>Azur Paysage<\/strong>, r\u00e9sultant (i) du refus de Cookies par l\u2019Utilisateur (ii) de l\u2019impossibilit\u00e9 pour\u00a0<strong>Azur Paysage <\/strong>d\u2019enregistrer ou de consulter les Cookies n\u00e9cessaires \u00e0 leur fonctionnement du fait du choix de l\u2019Utilisateur. Pour la gestion des Cookies et des choix de l\u2019Utilisateur, la configuration de chaque navigateur est diff\u00e9rente. Elle est d\u00e9crite dans le menu d\u2019aide du navigateur, qui permettra de savoir de quelle mani\u00e8re l\u2019Utilisateur peut modifier ses souhaits en mati\u00e8re de Cookies.<\/p>\n<p>\u00c0 tout moment, l\u2019Utilisateur peut faire le choix d\u2019exprimer et de modifier ses souhaits en mati\u00e8re de Cookies.\u00a0<strong>Azur Paysage <\/strong>pourra en outre faire appel aux services de prestataires externes pour l\u2019aider \u00e0 recueillir et traiter les informations d\u00e9crites dans cette section.<\/p>\n<ul>\n<li><strong>BALISES (\u201cTAGS\u201d) INTERNET<\/strong><\/li>\n<\/ul>\n<p><u>azur-paysage.fr<\/u>\u00a0n\u2019emploie aucune balise Internet (\u00e9galement appel\u00e9es \u00ab tags \u00bb, ou balises d\u2019action)<\/p>\n<ol start=\"9\">\n<li>\n<h4>Droit applicable et attribution de juridiction.<\/h4>\n<\/li>\n<\/ol>\n<p>Tout litige en relation avec l\u2019utilisation du site\u00a0<u>azur-paysage.fr <\/u>est soumis au droit fran\u00e7ais.<br \/>\nEn dehors des cas o\u00f9 la loi ne le permet pas, il est fait attribution exclusive de juridiction aux tribunaux comp\u00e9tents de Nice<\/p>\n<\/div><\/div><\/div><\/div><\/div><\/div><\/div><\/section>\n","protected":false},"excerpt":{"rendered":"D\u00e9finitions Client\u00a0:\u00a0tout professionnel ou personne physique capable au sens des articles 1123 et suivants du Code civil, ou personne morale, qui visite le Site objet des pr\u00e9sentes conditions g\u00e9n\u00e9rales. Contenu\u00a0:\u00a0Ensemble des \u00e9l\u00e9ments constituants l\u2019information pr\u00e9sente sur le Site, notamment textes \u2013 images \u2013 vid\u00e9os. Informations clients\u00a0: Ci apr\u00e8s d\u00e9nomm\u00e9 \u00ab\u00a0Information (s)\u00a0\u00bb qui correspondent \u00e0 l\u2019ensemble...","protected":false},"author":7,"featured_media":0,"parent":0,"menu_order":0,"comment_status":"closed","ping_status":"closed","template":"","meta":{"_acf_changed":false,"footnotes":""},"class_list":["post-468","page","type-page","status-publish","hentry"],"acf":[],"yoast_head":"<!-- This site is optimized with the Yoast SEO plugin v26.7 - https:\/\/yoast.com\/wordpress\/plugins\/seo\/ -->\n<title>Mentions l\u00e9gales, confidentialit\u00e9, cookies - Azur Paysage<\/title>\n<meta name=\"robots\" content=\"index, follow, max-snippet:-1, max-image-preview:large, max-video-preview:-1\" \/>\n<link rel=\"canonical\" href=\"https:\/\/www.azurpaysage.fr\/?page_id=468\" \/>\n<meta property=\"og:locale\" content=\"fr_FR\" \/>\n<meta property=\"og:type\" content=\"article\" \/>\n<meta property=\"og:title\" content=\"Mentions l\u00e9gales, confidentialit\u00e9, cookies - Azur Paysage\" \/>\n<meta property=\"og:url\" content=\"https:\/\/www.azurpaysage.fr\/?page_id=468\" \/>\n<meta property=\"og:site_name\" content=\"Azur Paysage\" \/>\n<meta property=\"article:modified_time\" content=\"2026-01-23T16:19:53+00:00\" \/>\n<meta name=\"twitter:card\" content=\"summary_large_image\" \/>\n<meta name=\"twitter:label1\" content=\"Dur\u00e9e de lecture estim\u00e9e\" \/>\n\t<meta name=\"twitter:data1\" content=\"9 minutes\" \/>\n<script type=\"application\/ld+json\" class=\"yoast-schema-graph\">{\"@context\":\"https:\/\/schema.org\",\"@graph\":[{\"@type\":\"WebPage\",\"@id\":\"https:\/\/www.azurpaysage.fr\/?page_id=468\",\"url\":\"https:\/\/www.azurpaysage.fr\/?page_id=468\",\"name\":\"Mentions l\u00e9gales, confidentialit\u00e9, cookies - Azur Paysage\",\"isPartOf\":{\"@id\":\"https:\/\/www.azurpaysage.fr\/#website\"},\"datePublished\":\"2018-08-03T08:12:11+00:00\",\"dateModified\":\"2026-01-23T16:19:53+00:00\",\"breadcrumb\":{\"@id\":\"https:\/\/www.azurpaysage.fr\/?page_id=468#breadcrumb\"},\"inLanguage\":\"fr-FR\",\"potentialAction\":[{\"@type\":\"ReadAction\",\"target\":[\"https:\/\/www.azurpaysage.fr\/?page_id=468\"]}]},{\"@type\":\"BreadcrumbList\",\"@id\":\"https:\/\/www.azurpaysage.fr\/?page_id=468#breadcrumb\",\"itemListElement\":[{\"@type\":\"ListItem\",\"position\":1,\"name\":\"Accueil\",\"item\":\"https:\/\/www.azurpaysage.fr\/\"},{\"@type\":\"ListItem\",\"position\":2,\"name\":\"Mentions l\u00e9gales, confidentialit\u00e9, cookies\"}]},{\"@type\":\"WebSite\",\"@id\":\"https:\/\/www.azurpaysage.fr\/#website\",\"url\":\"https:\/\/www.azurpaysage.fr\/\",\"name\":\"Azur Paysage\",\"description\":\"Paysagiste \u00e0 Golfe-Juan\",\"potentialAction\":[{\"@type\":\"SearchAction\",\"target\":{\"@type\":\"EntryPoint\",\"urlTemplate\":\"https:\/\/www.azurpaysage.fr\/?s={search_term_string}\"},\"query-input\":{\"@type\":\"PropertyValueSpecification\",\"valueRequired\":true,\"valueName\":\"search_term_string\"}}],\"inLanguage\":\"fr-FR\"}]}<\/script>\n<!-- \/ Yoast SEO plugin. -->","yoast_head_json":{"title":"Mentions l\u00e9gales, confidentialit\u00e9, cookies - Azur Paysage","robots":{"index":"index","follow":"follow","max-snippet":"max-snippet:-1","max-image-preview":"max-image-preview:large","max-video-preview":"max-video-preview:-1"},"canonical":"https:\/\/www.azurpaysage.fr\/?page_id=468","og_locale":"fr_FR","og_type":"article","og_title":"Mentions l\u00e9gales, confidentialit\u00e9, cookies - Azur Paysage","og_url":"https:\/\/www.azurpaysage.fr\/?page_id=468","og_site_name":"Azur Paysage","article_modified_time":"2026-01-23T16:19:53+00:00","twitter_card":"summary_large_image","twitter_misc":{"Dur\u00e9e de lecture estim\u00e9e":"9 minutes"},"schema":{"@context":"https:\/\/schema.org","@graph":[{"@type":"WebPage","@id":"https:\/\/www.azurpaysage.fr\/?page_id=468","url":"https:\/\/www.azurpaysage.fr\/?page_id=468","name":"Mentions l\u00e9gales, confidentialit\u00e9, cookies - Azur Paysage","isPartOf":{"@id":"https:\/\/www.azurpaysage.fr\/#website"},"datePublished":"2018-08-03T08:12:11+00:00","dateModified":"2026-01-23T16:19:53+00:00","breadcrumb":{"@id":"https:\/\/www.azurpaysage.fr\/?page_id=468#breadcrumb"},"inLanguage":"fr-FR","potentialAction":[{"@type":"ReadAction","target":["https:\/\/www.azurpaysage.fr\/?page_id=468"]}]},{"@type":"BreadcrumbList","@id":"https:\/\/www.azurpaysage.fr\/?page_id=468#breadcrumb","itemListElement":[{"@type":"ListItem","position":1,"name":"Accueil","item":"https:\/\/www.azurpaysage.fr\/"},{"@type":"ListItem","position":2,"name":"Mentions l\u00e9gales, confidentialit\u00e9, cookies"}]},{"@type":"WebSite","@id":"https:\/\/www.azurpaysage.fr\/#website","url":"https:\/\/www.azurpaysage.fr\/","name":"Azur Paysage","description":"Paysagiste \u00e0 Golfe-Juan","potentialAction":[{"@type":"SearchAction","target":{"@type":"EntryPoint","urlTemplate":"https:\/\/www.azurpaysage.fr\/?s={search_term_string}"},"query-input":{"@type":"PropertyValueSpecification","valueRequired":true,"valueName":"search_term_string"}}],"inLanguage":"fr-FR"}]}},"_links":{"self":[{"href":"https:\/\/www.azurpaysage.fr\/index.php?rest_route=\/wp\/v2\/pages\/468","targetHints":{"allow":["GET"]}}],"collection":[{"href":"https:\/\/www.azurpaysage.fr\/index.php?rest_route=\/wp\/v2\/pages"}],"about":[{"href":"https:\/\/www.azurpaysage.fr\/index.php?rest_route=\/wp\/v2\/types\/page"}],"author":[{"embeddable":true,"href":"https:\/\/www.azurpaysage.fr\/index.php?rest_route=\/wp\/v2\/users\/7"}],"replies":[{"embeddable":true,"href":"https:\/\/www.azurpaysage.fr\/index.php?rest_route=%2Fwp%2Fv2%2Fcomments&post=468"}],"version-history":[{"count":2,"href":"https:\/\/www.azurpaysage.fr\/index.php?rest_route=\/wp\/v2\/pages\/468\/revisions"}],"predecessor-version":[{"id":585,"href":"https:\/\/www.azurpaysage.fr\/index.php?rest_route=\/wp\/v2\/pages\/468\/revisions\/585"}],"wp:attachment":[{"href":"https:\/\/www.azurpaysage.fr\/index.php?rest_route=%2Fwp%2Fv2%2Fmedia&parent=468"}],"curies":[{"name":"wp","href":"https:\/\/api.w.org\/{rel}","templated":true}]}}