{"id":22,"date":"2016-01-15T16:04:30","date_gmt":"2016-01-15T15:04:30","guid":{"rendered":"https:\/\/www.azurpaysage.fr\/?page_id=22"},"modified":"2026-02-24T10:52:40","modified_gmt":"2026-02-24T09:52:40","slug":"services-jardins-06-monaco","status":"publish","type":"page","link":"https:\/\/www.azurpaysage.fr\/?page_id=22","title":{"rendered":"Contact"},"content":{"rendered":"<section class=\"l-section wpb_row height_medium\"><div class=\"l-section-h i-cf\"><div class=\"g-cols vc_row via_flex valign_top type_default stacking_default\"><div class=\"vc_col-sm-6 wpb_column vc_column_container\"><div class=\"vc_column-inner\"><div class=\"wpb_wrapper\"><div class=\"wpb_text_column\"><div class=\"wpb_wrapper\"><h3>Contactez-nous<\/h3>\n<p><strong>Azur Paysage<\/strong><br \/>\n1248 Chemin Saint Bernard<br \/>\n06220 Vallauris<\/p>\n<p><a href=\"tel:+33493638881\">04 93 63 88 81<\/a> &#8211; <a href=\"tel:+33648639446\">06 48 63 94 46<\/a><\/p>\n<\/div><\/div><\/div><\/div><\/div><div class=\"vc_col-sm-6 wpb_column vc_column_container\"><div class=\"vc_column-inner\"><div class=\"wpb_wrapper\"><div class=\"wpb_text_column\"><div class=\"wpb_wrapper\"><blockquote>\n<p><span style=\"line-height: 1.5;\">Un renseignement, une demande de devis, une prise de rendez-vous ? N&rsquo;h\u00e9sitez pas \u00e0 nous contacter en utilisant le formulaire ci-dessous :<\/span><\/p>\n<\/blockquote>\n<\/div><\/div><div class=\"w-separator size_small with_line width_default thick_5 style_solid color_primary align_center\"><div class=\"w-separator-h\"><\/div><\/div><form class=\"w-form  us-field-style_1 layout_ver show_message_after_sending for_cform us_form_1 validate_by_recaptcha\" action=\"https:\/\/www.azurpaysage.fr\/index.php?rest_route=%2Fwp%2Fv2%2Fpages%2F22\" method=\"post\"><div class=\"w-form-h\"><div class=\"w-form-row for_text required with_icon\">\r\n\t\t<div class=\"w-form-row-field\">\r\n\t\t\t\t<i class=\"far fa-user\"><\/i>\t\t<input aria-label=\"Nom\" type=\"text\" name=\"us_form_1_text_1\" value placeholder=\"Nom *\" data-required=\"true\" aria-required=\"true\"\/>\r\n\t\t\t<\/div>\r\n\t\t<div class=\"w-form-row-state\">Vous devez remplir ce champ<\/div>\r\n<\/div>\r\n<div class=\"w-form-row for_text required with_icon\">\r\n\t\t<div class=\"w-form-row-field\">\r\n\t\t\t\t<i class=\"far fa-envelope\"><\/i>\t\t<input aria-label=\"Adresse de messagerie\" type=\"text\" name=\"us_form_1_text_2\" value placeholder=\"Adresse de messagerie *\" data-required=\"true\" aria-required=\"true\"\/>\r\n\t\t\t<\/div>\r\n\t\t<div class=\"w-form-row-state\">Vous devez remplir ce champ<\/div>\r\n<\/div>\r\n<div class=\"w-form-row for_text required with_icon\">\r\n\t\t<div class=\"w-form-row-field\">\r\n\t\t\t\t<i class=\"far fa-phone\"><\/i>\t\t<input aria-label=\"Num\u00e9ro de t\u00e9l\u00e9phone\" type=\"text\" name=\"us_form_1_text_3\" value placeholder=\"Num\u00e9ro de t\u00e9l\u00e9phone *\" data-required=\"true\" aria-required=\"true\"\/>\r\n\t\t\t<\/div>\r\n\t\t<div class=\"w-form-row-state\">Vous devez remplir ce champ<\/div>\r\n<\/div>\r\n<div class=\"w-form-row for_textarea required with_icon\">\r\n\t\t<div class=\"w-form-row-field\">\r\n\t\t\t\t<i class=\"far fa-pencil\"><\/i>\t\t<textarea aria-label=\"Message\" name=\"us_form_1_textarea_1\" placeholder=\"Message *\" data-required=\"true\" aria-required=\"true\"><\/textarea>\r\n\t\t\t<\/div>\r\n\t\t<div class=\"w-form-row-state\">Vous devez remplir ce champ<\/div>\r\n<\/div>\r\n<div class=\"w-form-row for_agreement required\">\r\n\t\t<div class=\"w-form-row-field\">\r\n\t\t\t\t<label>\r\n\t\t\t<input type=\"checkbox\" value=\"1\" data-required=\"true\" aria-required=\"true\" name=\"us_form_1_agreement_1\"\/>\r\n\t\t\t<span>Je consens au traitement et au stockage de mes donn\u00e9es personnelles<\/span>\r\n\t\t<\/label>\r\n\t\t\t<\/div>\r\n\t\t<div class=\"w-form-row-state\">Vous devez accepter les conditions pour continuer<\/div>\r\n<\/div>\r\n<input type=\"hidden\" name=\"action\" value=\"us_ajax_cform\" \/>\r\n<input type=\"hidden\" name=\"post_id\" value=\"0\" \/>\r\n<input type=\"hidden\" name=\"form_index\" value=\"1\" \/>\r\n<div class=\"w-form-row for_submit align_none\">\r\n\t<button class=\"w-btn  us-btn-style_4\" aria-label=\"Envoyer le message\" type=\"submit\" style=\"font-size:15px;\">\r\n\t\t<span class=\"g-preloader type_1\"><\/span>\r\n\t\t\t\t<span class=\"w-btn-label\">Envoyer le message<\/span>\r\n\t\t\t<\/button>\r\n\t<\/div>\r\n<\/div><div class=\"w-form-message\"><\/div><div class=\"w-form-json hidden\" onclick='return {&quot;ajaxurl&quot;:&quot;https:\\\/\\\/www.azurpaysage.fr\\\/wp-admin\\\/admin-ajax.php&quot;,&quot;messages&quot;:{&quot;err_empty&quot;:&quot;Vous devez remplir ce champ&quot;,&quot;err_size&quot;:&quot;La taille du fichier ne peut pas d\\u00e9passer %s Mo&quot;,&quot;err_extension&quot;:&quot;Le type de fichier %s n&#039;est pas autoris\\u00e9&quot;,&quot;err_recaptcha_keys&quot;:&quot;Les cl\\u00e9s reCAPTCHA sont incorrectes&quot;},&quot;recaptcha_site_key&quot;:&quot;6LccKnYsAAAAAHh7NSA_Oevp6lijWubLDBIPq5X7&quot;,&quot;hide_form_after_sending&quot;:true}'><\/div><\/form><\/div><\/div><\/div><\/div><\/div><\/section>\n","protected":false},"excerpt":{"rendered":"Contactez-nous Azur Paysage 1248 Chemin Saint Bernard 06220 Vallauris 04 93 63 88 81 &#8211; 06 48 63 94 46 Un renseignement, une demande de devis, une prise de rendez-vous ? N&rsquo;h\u00e9sitez pas \u00e0 nous contacter en utilisant le formulaire ci-dessous : Vous devez remplir ce champ Vous devez remplir ce champ Vous devez remplir...","protected":false},"author":7,"featured_media":0,"parent":0,"menu_order":0,"comment_status":"closed","ping_status":"closed","template":"","meta":{"_acf_changed":false,"footnotes":""},"class_list":["post-22","page","type-page","status-publish","hentry"],"acf":[],"yoast_head":"<!-- This site is optimized with the Yoast SEO plugin v26.7 - https:\/\/yoast.com\/wordpress\/plugins\/seo\/ -->\n<title>Services jardins 06 Monaco: entretien am\u00e9nagement espaces verts<\/title>\n<meta name=\"description\" content=\"Services jardins 06 Monaco - Jean-Paul Torreli - Entretien et am\u00e9nagement jardins priv\u00e9s et publics, transplantation, engazonnage, h\u00e9liportage\" \/>\n<meta name=\"robots\" content=\"index, follow, max-snippet:-1, max-image-preview:large, max-video-preview:-1\" \/>\n<link rel=\"canonical\" href=\"https:\/\/www.azurpaysage.fr\/?page_id=22\" \/>\n<meta property=\"og:locale\" content=\"fr_FR\" \/>\n<meta property=\"og:type\" content=\"article\" \/>\n<meta property=\"og:title\" content=\"Services jardins 06 Monaco: entretien am\u00e9nagement espaces verts\" \/>\n<meta property=\"og:description\" content=\"Services jardins 06 Monaco - Jean-Paul Torreli - Entretien et am\u00e9nagement jardins priv\u00e9s et publics, transplantation, engazonnage, h\u00e9liportage\" \/>\n<meta property=\"og:url\" content=\"https:\/\/www.azurpaysage.fr\/?page_id=22\" \/>\n<meta property=\"og:site_name\" content=\"Azur Paysage\" \/>\n<meta property=\"article:modified_time\" content=\"2026-02-24T09:52:40+00:00\" \/>\n<meta name=\"twitter:card\" content=\"summary_large_image\" \/>\n<meta name=\"twitter:label1\" content=\"Dur\u00e9e de lecture estim\u00e9e\" \/>\n\t<meta name=\"twitter:data1\" content=\"1 minute\" \/>\n<script type=\"application\/ld+json\" class=\"yoast-schema-graph\">{\"@context\":\"https:\/\/schema.org\",\"@graph\":[{\"@type\":\"WebPage\",\"@id\":\"https:\/\/www.azurpaysage.fr\/?page_id=22\",\"url\":\"https:\/\/www.azurpaysage.fr\/?page_id=22\",\"name\":\"Services jardins 06 Monaco: entretien am\u00e9nagement espaces verts\",\"isPartOf\":{\"@id\":\"https:\/\/www.azurpaysage.fr\/#website\"},\"datePublished\":\"2016-01-15T15:04:30+00:00\",\"dateModified\":\"2026-02-24T09:52:40+00:00\",\"description\":\"Services jardins 06 Monaco - Jean-Paul Torreli - Entretien et am\u00e9nagement jardins priv\u00e9s et publics, transplantation, engazonnage, h\u00e9liportage\",\"breadcrumb\":{\"@id\":\"https:\/\/www.azurpaysage.fr\/?page_id=22#breadcrumb\"},\"inLanguage\":\"fr-FR\",\"potentialAction\":[{\"@type\":\"ReadAction\",\"target\":[\"https:\/\/www.azurpaysage.fr\/?page_id=22\"]}]},{\"@type\":\"BreadcrumbList\",\"@id\":\"https:\/\/www.azurpaysage.fr\/?page_id=22#breadcrumb\",\"itemListElement\":[{\"@type\":\"ListItem\",\"position\":1,\"name\":\"Accueil\",\"item\":\"https:\/\/www.azurpaysage.fr\/\"},{\"@type\":\"ListItem\",\"position\":2,\"name\":\"Contact\"}]},{\"@type\":\"WebSite\",\"@id\":\"https:\/\/www.azurpaysage.fr\/#website\",\"url\":\"https:\/\/www.azurpaysage.fr\/\",\"name\":\"Azur Paysage\",\"description\":\"Paysagiste \u00e0 Golfe-Juan\",\"potentialAction\":[{\"@type\":\"SearchAction\",\"target\":{\"@type\":\"EntryPoint\",\"urlTemplate\":\"https:\/\/www.azurpaysage.fr\/?s={search_term_string}\"},\"query-input\":{\"@type\":\"PropertyValueSpecification\",\"valueRequired\":true,\"valueName\":\"search_term_string\"}}],\"inLanguage\":\"fr-FR\"}]}<\/script>\n<!-- \/ Yoast SEO plugin. -->","yoast_head_json":{"title":"Services jardins 06 Monaco: entretien am\u00e9nagement espaces verts","description":"Services jardins 06 Monaco - Jean-Paul Torreli - Entretien et am\u00e9nagement jardins priv\u00e9s et publics, transplantation, engazonnage, h\u00e9liportage","robots":{"index":"index","follow":"follow","max-snippet":"max-snippet:-1","max-image-preview":"max-image-preview:large","max-video-preview":"max-video-preview:-1"},"canonical":"https:\/\/www.azurpaysage.fr\/?page_id=22","og_locale":"fr_FR","og_type":"article","og_title":"Services jardins 06 Monaco: entretien am\u00e9nagement espaces verts","og_description":"Services jardins 06 Monaco - Jean-Paul Torreli - Entretien et am\u00e9nagement jardins priv\u00e9s et publics, transplantation, engazonnage, h\u00e9liportage","og_url":"https:\/\/www.azurpaysage.fr\/?page_id=22","og_site_name":"Azur Paysage","article_modified_time":"2026-02-24T09:52:40+00:00","twitter_card":"summary_large_image","twitter_misc":{"Dur\u00e9e de lecture estim\u00e9e":"1 minute"},"schema":{"@context":"https:\/\/schema.org","@graph":[{"@type":"WebPage","@id":"https:\/\/www.azurpaysage.fr\/?page_id=22","url":"https:\/\/www.azurpaysage.fr\/?page_id=22","name":"Services jardins 06 Monaco: entretien am\u00e9nagement espaces verts","isPartOf":{"@id":"https:\/\/www.azurpaysage.fr\/#website"},"datePublished":"2016-01-15T15:04:30+00:00","dateModified":"2026-02-24T09:52:40+00:00","description":"Services jardins 06 Monaco - Jean-Paul Torreli - Entretien et am\u00e9nagement jardins priv\u00e9s et publics, transplantation, engazonnage, h\u00e9liportage","breadcrumb":{"@id":"https:\/\/www.azurpaysage.fr\/?page_id=22#breadcrumb"},"inLanguage":"fr-FR","potentialAction":[{"@type":"ReadAction","target":["https:\/\/www.azurpaysage.fr\/?page_id=22"]}]},{"@type":"BreadcrumbList","@id":"https:\/\/www.azurpaysage.fr\/?page_id=22#breadcrumb","itemListElement":[{"@type":"ListItem","position":1,"name":"Accueil","item":"https:\/\/www.azurpaysage.fr\/"},{"@type":"ListItem","position":2,"name":"Contact"}]},{"@type":"WebSite","@id":"https:\/\/www.azurpaysage.fr\/#website","url":"https:\/\/www.azurpaysage.fr\/","name":"Azur Paysage","description":"Paysagiste \u00e0 Golfe-Juan","potentialAction":[{"@type":"SearchAction","target":{"@type":"EntryPoint","urlTemplate":"https:\/\/www.azurpaysage.fr\/?s={search_term_string}"},"query-input":{"@type":"PropertyValueSpecification","valueRequired":true,"valueName":"search_term_string"}}],"inLanguage":"fr-FR"}]}},"_links":{"self":[{"href":"https:\/\/www.azurpaysage.fr\/index.php?rest_route=\/wp\/v2\/pages\/22","targetHints":{"allow":["GET"]}}],"collection":[{"href":"https:\/\/www.azurpaysage.fr\/index.php?rest_route=\/wp\/v2\/pages"}],"about":[{"href":"https:\/\/www.azurpaysage.fr\/index.php?rest_route=\/wp\/v2\/types\/page"}],"author":[{"embeddable":true,"href":"https:\/\/www.azurpaysage.fr\/index.php?rest_route=\/wp\/v2\/users\/7"}],"replies":[{"embeddable":true,"href":"https:\/\/www.azurpaysage.fr\/index.php?rest_route=%2Fwp%2Fv2%2Fcomments&post=22"}],"version-history":[{"count":5,"href":"https:\/\/www.azurpaysage.fr\/index.php?rest_route=\/wp\/v2\/pages\/22\/revisions"}],"predecessor-version":[{"id":710,"href":"https:\/\/www.azurpaysage.fr\/index.php?rest_route=\/wp\/v2\/pages\/22\/revisions\/710"}],"wp:attachment":[{"href":"https:\/\/www.azurpaysage.fr\/index.php?rest_route=%2Fwp%2Fv2%2Fmedia&parent=22"}],"curies":[{"name":"wp","href":"https:\/\/api.w.org\/{rel}","templated":true}]}}