{"id":20,"date":"2016-01-15T16:04:17","date_gmt":"2016-01-15T15:04:17","guid":{"rendered":"https:\/\/www.azurpaysage.fr\/?page_id=20"},"modified":"2026-02-20T11:55:17","modified_gmt":"2026-02-20T10:55:17","slug":"creation-d-espaces-verts-elagage-debroussaillage-06-monaco","status":"publish","type":"page","link":"https:\/\/www.azurpaysage.fr\/?page_id=20","title":{"rendered":"R\u00e9alisations"},"content":{"rendered":"<section class=\"l-section wpb_row height_medium\"><div class=\"l-section-h i-cf\"><div class=\"g-cols vc_row via_flex valign_top type_default stacking_default\"><div class=\"vc_col-sm-12 wpb_column vc_column_container\"><div class=\"vc_column-inner\"><div class=\"wpb_wrapper\"><div class=\"w-grid us_grid type_masonry layout_462 cols_3 overflow_hidden preload_style_spinner with_isotope\" id=\"us_grid_1\" style=\"--columns:3;--gap:4px;\" data-filterable=\"true\"><style>@media (max-width:1024px){#us_grid_1{--columns:2!important}}@media (max-width:600px){#us_grid_1{--columns:1!important}}.layout_462 .w-grid-item-h{background:rgba(0,0,0,0.5);color:#8fbf5c}.layout_462 .usg_post_image_1{transition-duration:0.35s;transform:scale(1) translate(0%,0%)}.layout_462 .w-grid-item-h:focus-within .usg_post_image_1,.layout_462 .w-grid-item-h:hover .usg_post_image_1{transform:scale(1.1) translate(0%,0%);opacity:0.1}.layout_462 .usg_vwrapper_1{position:absolute!important;right:0!important;bottom:0!important;left:0!important;background:linear-gradient(180deg,rgba(0,0,0,0),rgba(30,30,30,0.8))!important;padding:4rem 2rem 1.5rem 2rem!important}.layout_462 .usg_post_title_1{font-size:18px!important;color:#ffffff!important}<\/style><div class=\"w-grid-list\">\t<article class=\"w-grid-item size_1x1 post-223 us_portfolio type-us_portfolio status-publish has-post-thumbnail hentry us_portfolio_category-plantes-decoration\" data-id=\"223\">\r\n\t\t<div class=\"w-grid-item-h\">\r\n\t\t\t\t\t\t\t<a href=\"https:\/\/www.azurpaysage.fr\/?us_portfolio=plantes-decoration\" class=\"w-grid-item-anchor\" aria-label=\"Plantations d&rsquo;int\u00e9rieur &#038; D\u00e9coration\"><\/a>\r\n\t\t\t\t\t\t<div class=\"w-post-elm post_image usg_post_image_1 stretched\"><img loading=\"lazy\" decoding=\"async\" width=\"482\" height=\"600\" src=\"https:\/\/www.azurpaysage.fr\/wp-content\/uploads\/2016\/02\/realisation-azur-paysage-02-482x600.jpg\" class=\"attachment-us_600_600_crop size-us_600_600_crop wp-post-image\" alt=\"\" \/><\/div><div class=\"w-vwrapper usg_vwrapper_1 align_center valign_top\"><h2 class=\"w-post-elm post_title usg_post_title_1 has_text_color entry-title color_link_inherit\">Plantations d&rsquo;int\u00e9rieur &#038; D\u00e9coration<\/h2><\/div>\t\t<\/div>\r\n\t\t\t<\/article>\r\n\t<article class=\"w-grid-item size_1x1 post-370 us_portfolio type-us_portfolio status-publish has-post-thumbnail hentry us_portfolio_category-levage\" data-id=\"370\">\r\n\t\t<div class=\"w-grid-item-h\">\r\n\t\t\t\t\t\t\t<a href=\"https:\/\/www.azurpaysage.fr\/?us_portfolio=levage-heliportage\" class=\"w-grid-item-anchor\" aria-label=\"Levage-H\u00e9liportage\"><\/a>\r\n\t\t\t\t\t\t<div class=\"w-post-elm post_image usg_post_image_1 stretched\"><img loading=\"lazy\" decoding=\"async\" width=\"600\" height=\"600\" src=\"https:\/\/www.azurpaysage.fr\/wp-content\/uploads\/2016\/02\/IMG_4539-600x600.jpg\" class=\"attachment-us_600_600_crop size-us_600_600_crop wp-post-image\" alt=\"\" srcset=\"https:\/\/www.azurpaysage.fr\/wp-content\/uploads\/2016\/02\/IMG_4539-600x600.jpg 600w, https:\/\/www.azurpaysage.fr\/wp-content\/uploads\/2016\/02\/IMG_4539-150x150.jpg 150w, https:\/\/www.azurpaysage.fr\/wp-content\/uploads\/2016\/02\/IMG_4539-350x350.jpg 350w\" sizes=\"auto, (max-width: 600px) 100vw, 600px\" \/><\/div><div class=\"w-vwrapper usg_vwrapper_1 align_center valign_top\"><h2 class=\"w-post-elm post_title usg_post_title_1 has_text_color entry-title color_link_inherit\">Levage-H\u00e9liportage<\/h2><\/div>\t\t<\/div>\r\n\t\t\t<\/article>\r\n\t<article class=\"w-grid-item size_1x1 post-201 us_portfolio type-us_portfolio status-publish has-post-thumbnail hentry us_portfolio_category-engazonnement\" data-id=\"201\">\r\n\t\t<div class=\"w-grid-item-h\">\r\n\t\t\t\t\t\t\t<a href=\"https:\/\/www.azurpaysage.fr\/?us_portfolio=gazon-jardins-prives-et-jardins-publics\" class=\"w-grid-item-anchor\" aria-label=\"Engazonnement\"><\/a>\r\n\t\t\t\t\t\t<div class=\"w-post-elm post_image usg_post_image_1 stretched\"><img loading=\"lazy\" decoding=\"async\" width=\"600\" height=\"600\" src=\"https:\/\/www.azurpaysage.fr\/wp-content\/uploads\/2016\/02\/gazon-003-1-600x600.jpg\" class=\"attachment-us_600_600_crop size-us_600_600_crop wp-post-image\" alt=\"\" srcset=\"https:\/\/www.azurpaysage.fr\/wp-content\/uploads\/2016\/02\/gazon-003-1-600x600.jpg 600w, https:\/\/www.azurpaysage.fr\/wp-content\/uploads\/2016\/02\/gazon-003-1-150x150.jpg 150w, https:\/\/www.azurpaysage.fr\/wp-content\/uploads\/2016\/02\/gazon-003-1-300x300.jpg 300w, https:\/\/www.azurpaysage.fr\/wp-content\/uploads\/2016\/02\/gazon-003-1.jpg 768w, https:\/\/www.azurpaysage.fr\/wp-content\/uploads\/2016\/02\/gazon-003-1-350x350.jpg 350w\" sizes=\"auto, (max-width: 600px) 100vw, 600px\" \/><\/div><div class=\"w-vwrapper usg_vwrapper_1 align_center valign_top\"><h2 class=\"w-post-elm post_title usg_post_title_1 has_text_color entry-title color_link_inherit\">Engazonnement<\/h2><\/div>\t\t<\/div>\r\n\t\t\t<\/article>\r\n\t<article class=\"w-grid-item size_1x1 post-321 us_portfolio type-us_portfolio status-publish has-post-thumbnail hentry us_portfolio_category-conception-paysagere\" data-id=\"321\">\r\n\t\t<div class=\"w-grid-item-h\">\r\n\t\t\t\t\t\t\t<a href=\"https:\/\/www.azurpaysage.fr\/?us_portfolio=conception-paysagere\" class=\"w-grid-item-anchor\" aria-label=\"Conception paysag\u00e8re\"><\/a>\r\n\t\t\t\t\t\t<div class=\"w-post-elm post_image usg_post_image_1 stretched\"><img loading=\"lazy\" decoding=\"async\" width=\"600\" height=\"600\" src=\"https:\/\/www.azurpaysage.fr\/wp-content\/uploads\/2016\/04\/IMG_2369-600x600.jpg\" class=\"attachment-us_600_600_crop size-us_600_600_crop wp-post-image\" alt=\"\" srcset=\"https:\/\/www.azurpaysage.fr\/wp-content\/uploads\/2016\/04\/IMG_2369-600x600.jpg 600w, https:\/\/www.azurpaysage.fr\/wp-content\/uploads\/2016\/04\/IMG_2369-150x150.jpg 150w, https:\/\/www.azurpaysage.fr\/wp-content\/uploads\/2016\/04\/IMG_2369-300x300.jpg 300w, https:\/\/www.azurpaysage.fr\/wp-content\/uploads\/2016\/04\/IMG_2369-768x768.jpg 768w, https:\/\/www.azurpaysage.fr\/wp-content\/uploads\/2016\/04\/IMG_2369-1024x1024.jpg 1024w, https:\/\/www.azurpaysage.fr\/wp-content\/uploads\/2016\/04\/IMG_2369-350x350.jpg 350w, https:\/\/www.azurpaysage.fr\/wp-content\/uploads\/2016\/04\/IMG_2369.jpg 1200w\" sizes=\"auto, (max-width: 600px) 100vw, 600px\" \/><\/div><div class=\"w-vwrapper usg_vwrapper_1 align_center valign_top\"><h2 class=\"w-post-elm post_title usg_post_title_1 has_text_color entry-title color_link_inherit\">Conception paysag\u00e8re<\/h2><\/div>\t\t<\/div>\r\n\t\t\t<\/article>\r\n\t<article class=\"w-grid-item size_1x1 post-353 us_portfolio type-us_portfolio status-publish has-post-thumbnail hentry us_portfolio_category-plantations-gros-sujets\" data-id=\"353\">\r\n\t\t<div class=\"w-grid-item-h\">\r\n\t\t\t\t\t\t\t<a href=\"https:\/\/www.azurpaysage.fr\/?us_portfolio=plantations-gros-sujets\" class=\"w-grid-item-anchor\" aria-label=\"Plantations gros sujets\"><\/a>\r\n\t\t\t\t\t\t<div class=\"w-post-elm post_image usg_post_image_1 stretched\"><img loading=\"lazy\" decoding=\"async\" width=\"360\" height=\"480\" src=\"https:\/\/www.azurpaysage.fr\/wp-content\/uploads\/2016\/04\/N\u00ba-1-Phoenix-Reclinata.jpg\" class=\"attachment-us_600_600_crop size-us_600_600_crop wp-post-image\" alt=\"\" srcset=\"https:\/\/www.azurpaysage.fr\/wp-content\/uploads\/2016\/04\/N\u00ba-1-Phoenix-Reclinata.jpg 360w, https:\/\/www.azurpaysage.fr\/wp-content\/uploads\/2016\/04\/N\u00ba-1-Phoenix-Reclinata-225x300.jpg 225w\" sizes=\"auto, (max-width: 360px) 100vw, 360px\" \/><\/div><div class=\"w-vwrapper usg_vwrapper_1 align_center valign_top\"><h2 class=\"w-post-elm post_title usg_post_title_1 has_text_color entry-title color_link_inherit\">Plantations gros sujets<\/h2><\/div>\t\t<\/div>\r\n\t\t\t<\/article>\r\n\t<article class=\"w-grid-item size_1x1 post-368 us_portfolio type-us_portfolio status-publish has-post-thumbnail hentry us_portfolio_category-maconnerie-paysagere\" data-id=\"368\">\r\n\t\t<div class=\"w-grid-item-h\">\r\n\t\t\t\t\t\t\t<a href=\"https:\/\/www.azurpaysage.fr\/?us_portfolio=maconnerie-paysagere\" class=\"w-grid-item-anchor\" aria-label=\"Ma\u00e7onnerie paysag\u00e8re\"><\/a>\r\n\t\t\t\t\t\t<div class=\"w-post-elm post_image usg_post_image_1 stretched\"><img loading=\"lazy\" decoding=\"async\" width=\"600\" height=\"480\" src=\"https:\/\/www.azurpaysage.fr\/wp-content\/uploads\/2016\/04\/IMG_2816-copie-2-copie-600x480.jpg\" class=\"attachment-us_600_600_crop size-us_600_600_crop wp-post-image\" alt=\"\" \/><\/div><div class=\"w-vwrapper usg_vwrapper_1 align_center valign_top\"><h2 class=\"w-post-elm post_title usg_post_title_1 has_text_color entry-title color_link_inherit\">Ma\u00e7onnerie paysag\u00e8re<\/h2><\/div>\t\t<\/div>\r\n\t\t\t<\/article>\r\n\t<article class=\"w-grid-item size_1x1 post-693 us_portfolio type-us_portfolio status-publish has-post-thumbnail hentry us_portfolio_category-renovation-de-piscines\" data-id=\"693\">\r\n\t\t<div class=\"w-grid-item-h\">\r\n\t\t\t\t\t\t\t<a href=\"https:\/\/www.azurpaysage.fr\/?us_portfolio=renovation-de-piscines\" class=\"w-grid-item-anchor\" aria-label=\"R\u00e9novation de piscines\"><\/a>\r\n\t\t\t\t\t\t<div class=\"w-post-elm post_image usg_post_image_1 stretched\"><img loading=\"lazy\" decoding=\"async\" width=\"600\" height=\"600\" src=\"https:\/\/www.azurpaysage.fr\/wp-content\/uploads\/2026\/02\/renovation-de-piscine-02-600x600.jpeg\" class=\"attachment-us_600_600_crop size-us_600_600_crop wp-post-image\" alt=\"\" srcset=\"https:\/\/www.azurpaysage.fr\/wp-content\/uploads\/2026\/02\/renovation-de-piscine-02-600x600.jpeg 600w, https:\/\/www.azurpaysage.fr\/wp-content\/uploads\/2026\/02\/renovation-de-piscine-02-300x300.jpeg 300w, https:\/\/www.azurpaysage.fr\/wp-content\/uploads\/2026\/02\/renovation-de-piscine-02-150x150.jpeg 150w, https:\/\/www.azurpaysage.fr\/wp-content\/uploads\/2026\/02\/renovation-de-piscine-02-350x350.jpeg 350w, https:\/\/www.azurpaysage.fr\/wp-content\/uploads\/2026\/02\/renovation-de-piscine-02.jpeg 736w\" sizes=\"auto, (max-width: 600px) 100vw, 600px\" \/><\/div><div class=\"w-vwrapper usg_vwrapper_1 align_center valign_top\"><h2 class=\"w-post-elm post_title usg_post_title_1 has_text_color entry-title color_link_inherit\">R\u00e9novation de piscines<\/h2><\/div>\t\t<\/div>\r\n\t\t\t<\/article>\r\n<\/div>\t<div class=\"w-grid-preloader\">\r\n\t\t<div class=\"g-preloader type_1\">\r\n\t\t\t<div><\/div>\r\n\t\t<\/div>\r\n\t<\/div>\r\n\t\t<div class=\"w-grid-json hidden\" onclick='return {&quot;action&quot;:&quot;us_ajax_grid&quot;,&quot;infinite_scroll&quot;:0,&quot;max_num_pages&quot;:1,&quot;pagination&quot;:&quot;none&quot;,&quot;template_vars&quot;:{&quot;columns&quot;:&quot;3&quot;,&quot;exclude_items&quot;:&quot;none&quot;,&quot;img_size&quot;:&quot;us_600_600_crop&quot;,&quot;ignore_items_size&quot;:0,&quot;items_layout&quot;:&quot;462&quot;,&quot;items_offset&quot;:&quot;1&quot;,&quot;load_animation&quot;:&quot;none&quot;,&quot;overriding_link&quot;:&quot;%7B%22type%22%3A%22post%22%7D&quot;,&quot;post_id&quot;:0,&quot;query_args&quot;:{&quot;post_type&quot;:[&quot;us_portfolio&quot;],&quot;tax_query&quot;:[{&quot;taxonomy&quot;:&quot;us_portfolio_category&quot;,&quot;field&quot;:&quot;slug&quot;,&quot;terms&quot;:[&quot;conception-paysagere&quot;,&quot;dallage&quot;,&quot;engazonnement&quot;,&quot;levage&quot;,&quot;maconnerie-paysagere&quot;,&quot;plantations-gros-sujets&quot;,&quot;plantes-decoration&quot;,&quot;renovation-de-piscines&quot;]}],&quot;post_status&quot;:[&quot;publish&quot;,&quot;acf-disabled&quot;],&quot;posts_per_page&quot;:999},&quot;orderby_query_args&quot;:{&quot;orderby&quot;:{&quot;menu_order&quot;:&quot;ASC&quot;},&quot;order&quot;:&quot;ASC&quot;},&quot;type&quot;:&quot;masonry&quot;,&quot;us_grid_post_type&quot;:&quot;us_portfolio&quot;,&quot;us_grid_ajax_index&quot;:1,&quot;us_grid_filter_query_string&quot;:null,&quot;us_grid_index&quot;:1,&quot;page_args&quot;:[]}}'><\/div>\r\n\t<\/div><\/div><\/div><\/div><\/div><\/div><\/section>\n","protected":false},"excerpt":{"rendered":"","protected":false},"author":7,"featured_media":0,"parent":0,"menu_order":0,"comment_status":"closed","ping_status":"closed","template":"","meta":{"_acf_changed":false,"footnotes":""},"class_list":["post-20","page","type-page","status-publish","hentry"],"acf":[],"yoast_head":"<!-- This site is optimized with the Yoast SEO plugin v26.7 - https:\/\/yoast.com\/wordpress\/plugins\/seo\/ -->\n<title>Cr\u00e9ation d&#039;espaces verts, \u00e9lagage, d\u00e9broussaillage 06 et Monaco<\/title>\n<meta name=\"description\" content=\"Azur Paysage assure la cr\u00e9ation d&#039;espaces verts, l&#039;\u00e9lagage, le d\u00e9broussaillage et l&#039;entretien de jardins dans le 06 et Monaco depuis 1973.\" \/>\n<meta name=\"robots\" content=\"index, follow, max-snippet:-1, max-image-preview:large, max-video-preview:-1\" \/>\n<link rel=\"canonical\" href=\"https:\/\/www.azurpaysage.fr\/?page_id=20\" \/>\n<meta property=\"og:locale\" content=\"fr_FR\" \/>\n<meta property=\"og:type\" content=\"article\" \/>\n<meta property=\"og:title\" content=\"Cr\u00e9ation d&#039;espaces verts, \u00e9lagage, d\u00e9broussaillage 06 et Monaco\" \/>\n<meta property=\"og:description\" content=\"Azur Paysage assure la cr\u00e9ation d&#039;espaces verts, l&#039;\u00e9lagage, le d\u00e9broussaillage et l&#039;entretien de jardins dans le 06 et Monaco depuis 1973.\" \/>\n<meta property=\"og:url\" content=\"https:\/\/www.azurpaysage.fr\/?page_id=20\" \/>\n<meta property=\"og:site_name\" content=\"Azur Paysage\" \/>\n<meta property=\"article:modified_time\" content=\"2026-02-20T10:55:17+00:00\" \/>\n<meta name=\"twitter:card\" content=\"summary_large_image\" \/>\n<meta name=\"twitter:label1\" content=\"Dur\u00e9e de lecture estim\u00e9e\" \/>\n\t<meta name=\"twitter:data1\" content=\"1 minute\" \/>\n<script type=\"application\/ld+json\" class=\"yoast-schema-graph\">{\"@context\":\"https:\/\/schema.org\",\"@graph\":[{\"@type\":\"WebPage\",\"@id\":\"https:\/\/www.azurpaysage.fr\/?page_id=20\",\"url\":\"https:\/\/www.azurpaysage.fr\/?page_id=20\",\"name\":\"Cr\u00e9ation d'espaces verts, \u00e9lagage, d\u00e9broussaillage 06 et Monaco\",\"isPartOf\":{\"@id\":\"https:\/\/www.azurpaysage.fr\/#website\"},\"datePublished\":\"2016-01-15T15:04:17+00:00\",\"dateModified\":\"2026-02-20T10:55:17+00:00\",\"description\":\"Azur Paysage assure la cr\u00e9ation d'espaces verts, l'\u00e9lagage, le d\u00e9broussaillage et l'entretien de jardins dans le 06 et Monaco depuis 1973.\",\"breadcrumb\":{\"@id\":\"https:\/\/www.azurpaysage.fr\/?page_id=20#breadcrumb\"},\"inLanguage\":\"fr-FR\",\"potentialAction\":[{\"@type\":\"ReadAction\",\"target\":[\"https:\/\/www.azurpaysage.fr\/?page_id=20\"]}]},{\"@type\":\"BreadcrumbList\",\"@id\":\"https:\/\/www.azurpaysage.fr\/?page_id=20#breadcrumb\",\"itemListElement\":[{\"@type\":\"ListItem\",\"position\":1,\"name\":\"Accueil\",\"item\":\"https:\/\/www.azurpaysage.fr\/\"},{\"@type\":\"ListItem\",\"position\":2,\"name\":\"R\u00e9alisations\"}]},{\"@type\":\"WebSite\",\"@id\":\"https:\/\/www.azurpaysage.fr\/#website\",\"url\":\"https:\/\/www.azurpaysage.fr\/\",\"name\":\"Azur Paysage\",\"description\":\"Paysagiste \u00e0 Golfe-Juan\",\"potentialAction\":[{\"@type\":\"SearchAction\",\"target\":{\"@type\":\"EntryPoint\",\"urlTemplate\":\"https:\/\/www.azurpaysage.fr\/?s={search_term_string}\"},\"query-input\":{\"@type\":\"PropertyValueSpecification\",\"valueRequired\":true,\"valueName\":\"search_term_string\"}}],\"inLanguage\":\"fr-FR\"}]}<\/script>\n<!-- \/ Yoast SEO plugin. -->","yoast_head_json":{"title":"Cr\u00e9ation d'espaces verts, \u00e9lagage, d\u00e9broussaillage 06 et Monaco","description":"Azur Paysage assure la cr\u00e9ation d'espaces verts, l'\u00e9lagage, le d\u00e9broussaillage et l'entretien de jardins dans le 06 et Monaco depuis 1973.","robots":{"index":"index","follow":"follow","max-snippet":"max-snippet:-1","max-image-preview":"max-image-preview:large","max-video-preview":"max-video-preview:-1"},"canonical":"https:\/\/www.azurpaysage.fr\/?page_id=20","og_locale":"fr_FR","og_type":"article","og_title":"Cr\u00e9ation d'espaces verts, \u00e9lagage, d\u00e9broussaillage 06 et Monaco","og_description":"Azur Paysage assure la cr\u00e9ation d'espaces verts, l'\u00e9lagage, le d\u00e9broussaillage et l'entretien de jardins dans le 06 et Monaco depuis 1973.","og_url":"https:\/\/www.azurpaysage.fr\/?page_id=20","og_site_name":"Azur Paysage","article_modified_time":"2026-02-20T10:55:17+00:00","twitter_card":"summary_large_image","twitter_misc":{"Dur\u00e9e de lecture estim\u00e9e":"1 minute"},"schema":{"@context":"https:\/\/schema.org","@graph":[{"@type":"WebPage","@id":"https:\/\/www.azurpaysage.fr\/?page_id=20","url":"https:\/\/www.azurpaysage.fr\/?page_id=20","name":"Cr\u00e9ation d'espaces verts, \u00e9lagage, d\u00e9broussaillage 06 et Monaco","isPartOf":{"@id":"https:\/\/www.azurpaysage.fr\/#website"},"datePublished":"2016-01-15T15:04:17+00:00","dateModified":"2026-02-20T10:55:17+00:00","description":"Azur Paysage assure la cr\u00e9ation d'espaces verts, l'\u00e9lagage, le d\u00e9broussaillage et l'entretien de jardins dans le 06 et Monaco depuis 1973.","breadcrumb":{"@id":"https:\/\/www.azurpaysage.fr\/?page_id=20#breadcrumb"},"inLanguage":"fr-FR","potentialAction":[{"@type":"ReadAction","target":["https:\/\/www.azurpaysage.fr\/?page_id=20"]}]},{"@type":"BreadcrumbList","@id":"https:\/\/www.azurpaysage.fr\/?page_id=20#breadcrumb","itemListElement":[{"@type":"ListItem","position":1,"name":"Accueil","item":"https:\/\/www.azurpaysage.fr\/"},{"@type":"ListItem","position":2,"name":"R\u00e9alisations"}]},{"@type":"WebSite","@id":"https:\/\/www.azurpaysage.fr\/#website","url":"https:\/\/www.azurpaysage.fr\/","name":"Azur Paysage","description":"Paysagiste \u00e0 Golfe-Juan","potentialAction":[{"@type":"SearchAction","target":{"@type":"EntryPoint","urlTemplate":"https:\/\/www.azurpaysage.fr\/?s={search_term_string}"},"query-input":{"@type":"PropertyValueSpecification","valueRequired":true,"valueName":"search_term_string"}}],"inLanguage":"fr-FR"}]}},"_links":{"self":[{"href":"https:\/\/www.azurpaysage.fr\/index.php?rest_route=\/wp\/v2\/pages\/20","targetHints":{"allow":["GET"]}}],"collection":[{"href":"https:\/\/www.azurpaysage.fr\/index.php?rest_route=\/wp\/v2\/pages"}],"about":[{"href":"https:\/\/www.azurpaysage.fr\/index.php?rest_route=\/wp\/v2\/types\/page"}],"author":[{"embeddable":true,"href":"https:\/\/www.azurpaysage.fr\/index.php?rest_route=\/wp\/v2\/users\/7"}],"replies":[{"embeddable":true,"href":"https:\/\/www.azurpaysage.fr\/index.php?rest_route=%2Fwp%2Fv2%2Fcomments&post=20"}],"version-history":[{"count":4,"href":"https:\/\/www.azurpaysage.fr\/index.php?rest_route=\/wp\/v2\/pages\/20\/revisions"}],"predecessor-version":[{"id":699,"href":"https:\/\/www.azurpaysage.fr\/index.php?rest_route=\/wp\/v2\/pages\/20\/revisions\/699"}],"wp:attachment":[{"href":"https:\/\/www.azurpaysage.fr\/index.php?rest_route=%2Fwp%2Fv2%2Fmedia&parent=20"}],"curies":[{"name":"wp","href":"https:\/\/api.w.org\/{rel}","templated":true}]}}